{"id":861,"date":"2020-09-11T07:47:04","date_gmt":"2020-09-11T07:47:04","guid":{"rendered":"http:\/\/wpdemo.archiwp.com\/maxbizz\/?page_id=861"},"modified":"2022-10-24T13:27:43","modified_gmt":"2022-10-24T13:27:43","slug":"makinalar","status":"publish","type":"page","link":"https:\/\/arsemakina.com.tr\/index.php\/makinalar\/","title":{"rendered":"Makinalar"},"content":{"rendered":"\t\t<div data-elementor-type=\"wp-page\" data-elementor-id=\"861\" class=\"elementor elementor-861\">\n\t\t\t\t\t\t<section class=\"elementor-section elementor-top-section elementor-element elementor-element-a208449 elementor-section-full_width elementor-section-height-default elementor-section-height-default\" data-id=\"a208449\" data-element_type=\"section\" data-e-type=\"section\">\n\t\t\t\t\t\t<div class=\"elementor-container elementor-column-gap-default\">\n\t\t\t\t\t<div class=\"elementor-column elementor-col-100 elementor-top-column elementor-element elementor-element-e6f2aa0 ot-flex-column-vertical\" data-id=\"e6f2aa0\" data-element_type=\"column\" data-e-type=\"column\">\n\t\t\t<div class=\"elementor-widget-wrap elementor-element-populated\">\n\t\t\t\t\t\t<section class=\"elementor-section elementor-inner-section elementor-element elementor-element-444437c elementor-section-boxed elementor-section-height-default elementor-section-height-default\" data-id=\"444437c\" data-element_type=\"section\" data-e-type=\"section\">\n\t\t\t\t\t\t<div class=\"elementor-container elementor-column-gap-default\">\n\t\t\t\t\t<div class=\"elementor-column elementor-col-33 elementor-inner-column elementor-element elementor-element-01f9e90 ot-flex-column-vertical\" data-id=\"01f9e90\" data-element_type=\"column\" data-e-type=\"column\">\n\t\t\t<div class=\"elementor-widget-wrap\">\n\t\t\t\t\t\t\t<\/div>\n\t\t<\/div>\n\t\t\t\t<div class=\"elementor-column elementor-col-33 elementor-inner-column elementor-element elementor-element-d3bcd52 ot-flex-column-vertical\" data-id=\"d3bcd52\" data-element_type=\"column\" data-e-type=\"column\">\n\t\t\t<div class=\"elementor-widget-wrap elementor-element-populated\">\n\t\t\t\t\t\t<div class=\"elementor-element elementor-element-cadf2c3 elementor-widget elementor-widget-iheading\" data-id=\"cadf2c3\" data-element_type=\"widget\" data-e-type=\"widget\" data-widget_type=\"iheading.default\">\n\t\t\t\t<div class=\"elementor-widget-container\">\n\t\t\t\t\t\t\t<div class=\"ot-heading\">\r\n\t        \t        <h3 class=\"main-head\">H\u0130ZMETLER\u0130M\u0130Z<\/h3>\t    <\/div>\r\n\t    \t\t\t\t<\/div>\n\t\t\t\t<\/div>\n\t\t\t\t<div class=\"elementor-element elementor-element-c55927b elementor-widget elementor-widget-text-editor\" data-id=\"c55927b\" data-element_type=\"widget\" data-e-type=\"widget\" data-widget_type=\"text-editor.default\">\n\t\t\t\t<div class=\"elementor-widget-container\">\n\t\t\t\t\t\t\t\t\t<p>G\u00fcvenilir ve Deneyimli Proje Orta\u011f\u0131n\u0131z Arse Makina<\/p>\t\t\t\t\t\t\t\t<\/div>\n\t\t\t\t<\/div>\n\t\t\t\t\t<\/div>\n\t\t<\/div>\n\t\t\t\t<div class=\"elementor-column elementor-col-33 elementor-inner-column elementor-element elementor-element-b91e1d6 ot-flex-column-vertical\" data-id=\"b91e1d6\" data-element_type=\"column\" data-e-type=\"column\">\n\t\t\t<div class=\"elementor-widget-wrap\">\n\t\t\t\t\t\t\t<\/div>\n\t\t<\/div>\n\t\t\t\t\t<\/div>\n\t\t<\/section>\n\t\t\t\t<div class=\"elementor-element elementor-element-0af249f elementor-invisible elementor-widget elementor-widget-ipcarousel\" data-id=\"0af249f\" data-element_type=\"widget\" data-e-type=\"widget\" data-settings=\"{&quot;_animation&quot;:&quot;fadeInUp&quot;}\" data-widget_type=\"ipcarousel.default\">\n\t\t\t\t<div class=\"elementor-widget-container\">\n\t\t\t\t\t\t\t<div class=\"project-slider  img-scale no-cat\" data-loop=\"true\" data-auto=\"true\" data-time=\"7000\" data-center=\"true\" data-arrows=\"false\" data-dots=\"true\" data-show=\"\" data-tshow=\"\" data-mshow=\"1\" data-gaps=\"\" data-tgaps=\"\" data-mgaps=\"\">\r\n\t\t\t<div class=\"owl-carousel owl-theme\">\r\n\t\t\t\t<div class=\"project-items\">\r\n\t<div class=\"projects-box\">\r\n\t\t<div class=\"projects-thumbnail\">\r\n\t\t\t<a href=\"https:\/\/arsemakina.com.tr\/index.php\/portfolio\/business-consultation\/\">\r\n\t\t\t\t\t\t\t\t<img fetchpriority=\"high\" decoding=\"async\" src=\"https:\/\/arsemakina.com.tr\/wp-content\/uploads\/2020\/09\/m1.jpg\" alt=\"\" width=\"600\" height=\"380\">\r\n\t\t\t\t\t\t\t<\/a>\r\n\t\t<\/div>\r\n\t\t<div class=\"portfolio-info\">\r\n\t\t\t<div class=\"portfolio-info-inner\">\r\n\t\t\t\t<h5><a href=\"https:\/\/arsemakina.com.tr\/index.php\/portfolio\/business-consultation\/\">1050x550x600 CNC D\u0130K \u0130\u015eLEME MERKEZ\u0130<\/a><\/h5>\r\n\t\t\t\t \r\n\t\t\t<\/div>\r\n\t\t<\/div>\r\n\t<\/div>\r\n<\/div><div class=\"project-items\">\r\n\t<div class=\"projects-box\">\r\n\t\t<div class=\"projects-thumbnail\">\r\n\t\t\t<a href=\"https:\/\/arsemakina.com.tr\/index.php\/portfolio\/finance-strategy\/\">\r\n\t\t\t\t\t\t\t\t<img decoding=\"async\" src=\"https:\/\/arsemakina.com.tr\/wp-content\/uploads\/2020\/09\/m2-1.jpg\" alt=\"\" width=\"600\" height=\"380\">\r\n\t\t\t\t\t\t\t<\/a>\r\n\t\t<\/div>\r\n\t\t<div class=\"portfolio-info\">\r\n\t\t\t<div class=\"portfolio-info-inner\">\r\n\t\t\t\t<h5><a href=\"https:\/\/arsemakina.com.tr\/index.php\/portfolio\/finance-strategy\/\">MITUTOYO Y\u00dcZEY KAL\u0130TES\u0130 \u00d6L\u00c7\u00dcM C\u0130HAZI<\/a><\/h5>\r\n\t\t\t\t \r\n\t\t\t<\/div>\r\n\t\t<\/div>\r\n\t<\/div>\r\n<\/div><div class=\"project-items\">\r\n\t<div class=\"projects-box\">\r\n\t\t<div class=\"projects-thumbnail\">\r\n\t\t\t<a href=\"https:\/\/arsemakina.com.tr\/index.php\/portfolio\/digital-marketing\/\">\r\n\t\t\t\t\t\t\t\t<img decoding=\"async\" src=\"https:\/\/arsemakina.com.tr\/wp-content\/uploads\/2020\/09\/m3-1.jpg\" alt=\"\" width=\"600\" height=\"380\">\r\n\t\t\t\t\t\t\t<\/a>\r\n\t\t<\/div>\r\n\t\t<div class=\"portfolio-info\">\r\n\t\t\t<div class=\"portfolio-info-inner\">\r\n\t\t\t\t<h5><a href=\"https:\/\/arsemakina.com.tr\/index.php\/portfolio\/digital-marketing\/\">KALIP\u00c7I FREZES\u0130<\/a><\/h5>\r\n\t\t\t\t \r\n\t\t\t<\/div>\r\n\t\t<\/div>\r\n\t<\/div>\r\n<\/div><div class=\"project-items\">\r\n\t<div class=\"projects-box\">\r\n\t\t<div class=\"projects-thumbnail\">\r\n\t\t\t<a href=\"https:\/\/arsemakina.com.tr\/index.php\/portfolio\/enterprise-loan\/\">\r\n\t\t\t\t\t\t\t\t<img loading=\"lazy\" decoding=\"async\" src=\"https:\/\/arsemakina.com.tr\/wp-content\/uploads\/2020\/09\/m4-2.jpg\" alt=\"\" width=\"600\" height=\"380\">\r\n\t\t\t\t\t\t\t<\/a>\r\n\t\t<\/div>\r\n\t\t<div class=\"portfolio-info\">\r\n\t\t\t<div class=\"portfolio-info-inner\">\r\n\t\t\t\t<h5><a href=\"https:\/\/arsemakina.com.tr\/index.php\/portfolio\/enterprise-loan\/\">FIRST V-700<\/a><\/h5>\r\n\t\t\t\t \r\n\t\t\t<\/div>\r\n\t\t<\/div>\r\n\t<\/div>\r\n<\/div>\t\t\t<\/div>\r\n\t    <\/div>\r\n\t    \t\t\t\t<\/div>\n\t\t\t\t<\/div>\n\t\t\t\t\t<\/div>\n\t\t<\/div>\n\t\t\t\t\t<\/div>\n\t\t<\/section>\n\t\t\t\t<\/div>\n\t\t","protected":false},"excerpt":{"rendered":"<p>H\u0130ZMETLER\u0130M\u0130Z G\u00fcvenilir ve Deneyimli Proje Orta\u011f\u0131n\u0131z Arse Makina 1050x550x600 CNC D\u0130K \u0130\u015eLEME MERKEZ\u0130 MITUTOYO Y\u00dcZEY KAL\u0130TES\u0130 \u00d6L\u00c7\u00dcM C\u0130HAZI KALIP\u00c7I FREZES\u0130 FIRST V-700<\/p>\n","protected":false},"author":1,"featured_media":0,"parent":0,"menu_order":0,"comment_status":"closed","ping_status":"closed","template":"","meta":{"footnotes":""},"class_list":["post-861","page","type-page","status-publish","hentry"],"_links":{"self":[{"href":"https:\/\/arsemakina.com.tr\/index.php\/wp-json\/wp\/v2\/pages\/861","targetHints":{"allow":["GET"]}}],"collection":[{"href":"https:\/\/arsemakina.com.tr\/index.php\/wp-json\/wp\/v2\/pages"}],"about":[{"href":"https:\/\/arsemakina.com.tr\/index.php\/wp-json\/wp\/v2\/types\/page"}],"author":[{"embeddable":true,"href":"https:\/\/arsemakina.com.tr\/index.php\/wp-json\/wp\/v2\/users\/1"}],"replies":[{"embeddable":true,"href":"https:\/\/arsemakina.com.tr\/index.php\/wp-json\/wp\/v2\/comments?post=861"}],"version-history":[{"count":11,"href":"https:\/\/arsemakina.com.tr\/index.php\/wp-json\/wp\/v2\/pages\/861\/revisions"}],"predecessor-version":[{"id":2490,"href":"https:\/\/arsemakina.com.tr\/index.php\/wp-json\/wp\/v2\/pages\/861\/revisions\/2490"}],"wp:attachment":[{"href":"https:\/\/arsemakina.com.tr\/index.php\/wp-json\/wp\/v2\/media?parent=861"}],"curies":[{"name":"wp","href":"https:\/\/api.w.org\/{rel}","templated":true}]}}